{"id":414,"date":"2018-05-30T11:42:44","date_gmt":"2018-05-30T11:42:44","guid":{"rendered":"http:\/\/vssulz.ac.at\/?page_id=414"},"modified":"2018-05-30T11:50:12","modified_gmt":"2018-05-30T11:50:12","slug":"datenschutz","status":"publish","type":"page","link":"http:\/\/vssulz.ac.at\/?page_id=414","title":{"rendered":"Datenschutz"},"content":{"rendered":"<p><a href=\"https:\/\/bildung.bmbwf.gv.at\/datenschutz\" target=\"_blank\" rel=\"noopener\">Datenschutzinformation gem\u00e4\u00df Art. 12ff DSGVO im Rahmen der Schulverwaltung an \u00f6sterreichischen Schulen gem\u00e4\u00df Art. 14 B-VG<\/a><\/p>\n","protected":false},"excerpt":{"rendered":"<p>Datenschutzinformation gem\u00e4\u00df Art. 12ff DSGVO im Rahmen der Schulverwaltung an \u00f6sterreichischen Schulen gem\u00e4\u00df Art. 14 B-VG<\/p>\n","protected":false},"author":2,"featured_media":0,"parent":55,"menu_order":2,"comment_status":"closed","ping_status":"closed","template":"","meta":{"footnotes":""},"_links":{"self":[{"href":"http:\/\/vssulz.ac.at\/index.php?rest_route=\/wp\/v2\/pages\/414"}],"collection":[{"href":"http:\/\/vssulz.ac.at\/index.php?rest_route=\/wp\/v2\/pages"}],"about":[{"href":"http:\/\/vssulz.ac.at\/index.php?rest_route=\/wp\/v2\/types\/page"}],"author":[{"embeddable":true,"href":"http:\/\/vssulz.ac.at\/index.php?rest_route=\/wp\/v2\/users\/2"}],"replies":[{"embeddable":true,"href":"http:\/\/vssulz.ac.at\/index.php?rest_route=%2Fwp%2Fv2%2Fcomments&post=414"}],"version-history":[{"count":4,"href":"http:\/\/vssulz.ac.at\/index.php?rest_route=\/wp\/v2\/pages\/414\/revisions"}],"predecessor-version":[{"id":418,"href":"http:\/\/vssulz.ac.at\/index.php?rest_route=\/wp\/v2\/pages\/414\/revisions\/418"}],"up":[{"embeddable":true,"href":"http:\/\/vssulz.ac.at\/index.php?rest_route=\/wp\/v2\/pages\/55"}],"wp:attachment":[{"href":"http:\/\/vssulz.ac.at\/index.php?rest_route=%2Fwp%2Fv2%2Fmedia&parent=414"}],"curies":[{"name":"wp","href":"https:\/\/api.w.org\/{rel}","templated":true}]}}